{"id":665,"date":"2021-10-13T12:40:19","date_gmt":"2021-10-13T18:40:19","guid":{"rendered":"https:\/\/www.mobiletarget.me\/?page_id=665"},"modified":"2021-10-13T12:41:06","modified_gmt":"2021-10-13T18:41:06","slug":"politicas-de-privacidad-2","status":"publish","type":"page","link":"https:\/\/www.mobiletarget.me\/?page_id=665","title":{"rendered":"Pol\u00edticas de Privacidad"},"content":{"rendered":"<div><span><span class=\"\">Sabemos que le importa c\u00f3mo se utiliza su informaci\u00f3n y agradecemos su confianza en que la utilizaremos con cuidado y sensatez.\u00a0<\/span>Este aviso describe nuestra pol\u00edtica de privacidad. \u00a0<\/span><span>Al visitarnos, acepta la pol\u00edtica de privacidad que se describe a continuaci\u00f3n.<\/span><\/p>\n<hr size=\"1\" \/>\n<\/div>\n<div><b><span>1. \u00bfQu\u00e9 informaci\u00f3n personal recopilamos y guardamos?<\/span><\/b><\/div>\n<div><\/div>\n<div><b><span>Informaci\u00f3n que proporciona<\/span><\/b><span>\u00a0: \u00a0\u00a0<\/span><span>recibimos y almacenamos la informaci\u00f3n que ingresa.\u00a0Por ejemplo, cuando busca o compra un servicio aqu\u00ed, o cuando proporciona informaci\u00f3n como\u00a0\u00a0<\/span><span>su direcci\u00f3n, n\u00famero de tel\u00e9fono o tarjeta de cr\u00e9dito.\u00a0Puede optar por no proporcionar cierta informaci\u00f3n, pero es posible que no pueda\u00a0\u00a0<\/span><span>aprovechar algunas de las funciones de nuestro sitio web.\u00a0Recopilamos y guardamos la informaci\u00f3n que nos proporciona con el fin de responder a sus solicitudes,\u00a0\u00a0<\/span><span>personalizar las compras futuras para usted, mejorar nuestro sitio web y comunicarnos con usted. \u00a0<\/span><\/p>\n<p><b><span>IMPORTANTE: \u00a0<\/span><\/b><span>Tambi\u00e9n conservamos a perpetuidad las listas de reproducci\u00f3n personalizadas, los horarios personalizados o los anuncios personalizados que pueda configurar o cargar en el sitio dentro de su cuenta.\u00a0Cualquier lista de reproducci\u00f3n personalizada que cree es propiedad nuestra y podemos usarla o reutilizarla para cualquier prop\u00f3sito en cualquier momento.\u00a0No eliminamos esta informaci\u00f3n y no se eliminar\u00e1 si usted lo solicita.<\/span><\/div>\n<div><\/div>\n<div><b><span>Cookies<\/span><\/b><span>\u00a0: como muchos sitios web, utilizamos &#8220;cookies&#8221;.\u00a0<span class=\"\">Su navegador almacenar\u00e1 autom\u00e1ticamente una cookie que nos permite reconocerlo y brindarle una experiencia de compra personalizada.\u00a0<\/span>Y lo m\u00e1s importante, la cookie es lo que mantiene su estado de &#8220;inicio de sesi\u00f3n&#8221; una vez que se registra e inicia sesi\u00f3n en el sitio.\u00a0Si elimina nuestra cookie de su navegador, ya no iniciar\u00e1 sesi\u00f3n en nuestro\u00a0<\/span><span>sitio web\u00a0<\/span><span>.<\/span><\/div>\n<div><\/div>\n<div><b><span>Otra informaci\u00f3n<\/span><\/b><span>\u00a0: cada computadora tiene una direcci\u00f3n IP (Protocolo de Internet).\u00a0Se anotan las direcciones IP de las computadoras utilizadas para visitar este sitio.\u00a0Adem\u00e1s, recopilamos autom\u00e1ticamente otra informaci\u00f3n, como los tipos de navegador, los sistemas operativos y las direcciones URL de los sitios web en los que se hace clic desde y hacia este sitio.\u00a0<\/span><\/p>\n<\/div>\n<div>\n<hr size=\"1\" \/>\n<\/div>\n<div><b><span>2. \u00bfC\u00f3mo utilizamos su informaci\u00f3n?<\/span><\/b><\/div>\n<div>\n<b><span>Prestaci\u00f3n de servicio<\/span><\/b><span>\u00a0: usamos su informaci\u00f3n para rastrear su servicio de suscripci\u00f3n, para asegurarnos de que reciba el servicio de suscripci\u00f3n de m\u00fasica que puede haber comprado.\u00a0Operamos varios\u00a0<\/span><span>sitios web\u00a0<\/span><span>diferentes\u00a0<\/span><span>que comparten una base de datos com\u00fan, por lo tanto, la informaci\u00f3n que ingrese en un\u00a0<\/span><span>sitio web\u00a0<\/span><span>estar\u00e1 disponible para su uso inmediato en los otros\u00a0<\/span><span>sitios web,\u00a0<\/span><span>seg\u00fan corresponda.\u00a0Esto incluye el inicio de sesi\u00f3n del cliente informaci\u00f3n de la cuenta, informaci\u00f3n de tarjeta de cr\u00e9dito, el env\u00edo\u00a0<\/span><span>de informaci\u00f3n\u00a0<\/span><span>y otro tipo de informaci\u00f3n relevante.<\/span>\n<\/div>\n<div><b><span>Agentes<\/span><\/b><span>\u00a0: contratamos a otras empresas e individuos para que realicen funciones en nuestro nombre.\u00a0Los ejemplos incluyen el procesamiento de pagos con tarjeta de cr\u00e9dito y pagos con\u00a0<\/span><span>PayPal\u00a0<\/span><span>.\u00a0Solo tienen acceso a su informaci\u00f3n personal seg\u00fan sea necesario para realizar sus funciones, pero no pueden usarla para otros fines.\u00a0<\/span><\/p>\n<\/div>\n<div><b><span>Ofertas especiales<\/span><\/b><span>\u00a0: es posible que le enviemos ofertas especiales de vez en\u00a0<\/span><span>cuando, a\u00a0<\/span><span>menos que elija no recibir dichas ofertas.\u00a0Consulte la selecci\u00f3n de participaci\u00f3n \/ exclusi\u00f3n voluntaria al final de esta pol\u00edtica.<\/span>\n<\/div>\n<div><b><span>Transferencias comerciales<\/span><\/b><span>\u00a0: a medida que continuamos desarrollando nuestro negocio, podr\u00edamos vender o comprar otras compa\u00f1\u00edas o activos.\u00a0En tales transacciones, la informaci\u00f3n del cliente generalmente es uno de los activos comerciales transferidos.\u00a0<span class=\"\">Adem\u00e1s, en el improbable caso de que nos adquieran, la informaci\u00f3n de su cliente ser\u00e1 uno de los activos transferidos al nuevo propietario.<\/span><\/span><\/p>\n<\/div>\n<div><b><span>Cumplimiento de la ley<\/span><\/b><span>\u00a0: si recibimos una orden judicial legal para divulgar la cuenta u otra informaci\u00f3n personal, cumpliremos con la ley.\u00a0Tambi\u00e9n divulgaremos informaci\u00f3n cuando sea necesario para proteger la vida, la seguridad o la propiedad de otros.\u00a0Esto incluye el intercambio de informaci\u00f3n con otras empresas y organizaciones para la protecci\u00f3n contra el fraude y la reducci\u00f3n del riesgo crediticio.<\/span>\n<\/div>\n<div><b><span>Referencia interna<\/span><\/b><span>\u00a0: la informaci\u00f3n que recopilamos y guardamos se utiliza con fines de referencia interna, para administrar nuestras operaciones comerciales de manera adecuada.\u00a0No eliminamos su informaci\u00f3n y no puede solicitar que se elimine de nuestro sistema.\u00a0Lo conservamos para siempre con fines de referencia interna, en caso de que necesitemos investigar una transacci\u00f3n o alguna otra actividad en nuestro\u00a0<\/span><span>sitio web\u00a0<\/span><span>.<\/span><\/p>\n<\/div>\n<div><\/div>\n<hr size=\"1\" \/>\n<div><b><span>3. \u00bfC\u00f3mo protegemos la seguridad de su informaci\u00f3n?<\/span><\/b><\/div>\n<div><\/div>\n<div><b><span>Encriptaci\u00f3n SSL<\/span><\/b><span>\u00a0: trabajamos para proteger la seguridad de su informaci\u00f3n durante la transmisi\u00f3n mediante el uso del software Secure Sockets Layer (SSL), que encripta la informaci\u00f3n que ingresa.\u00a0<\/span><\/p>\n<\/div>\n<div><b><span>Cifrado de datos<\/span><\/b><span>\u00a0: utilizamos cifrado para proteger su informaci\u00f3n contenida en nuestra lista de clientes.\u00a0<\/span><\/div>\n<div>\n<b><span>Cortafuegos<\/span><\/b><span>\u00a0: utilizamos un cortafuegos para protegernos contra intrusiones ilegales.\u00a0<\/span><\/div>\n<div>\n<b><span>Acceso limitado<\/span><\/b><span>\u00a0: limitamos el acceso a su informaci\u00f3n seg\u00fan sea necesario.\u00a0<\/span><\/div>\n<div>\n<b><span>Transmisiones de datos seguras<\/span><\/b><span>\u00a0: transmitimos\u00a0<\/span><span>el n\u00famero de su\u00a0<\/span><span>tarjeta de cr\u00e9dito a la compa\u00f1\u00eda de tarjetas de cr\u00e9dito correspondiente durante el procesamiento del pedido.\u00a0<\/span><\/div>\n<div>\n<span>Es importante que se proteja contra el acceso no autorizado a su contrase\u00f1a y a su computadora.\u00a0Aseg\u00farese de cerrar sesi\u00f3n cuando termine de usar una computadora compartida.\u00a0<\/span><span>Ning\u00fan sistema puede garantizar una seguridad absoluta, del mismo modo que el mejor candado no puede garantizar la seguridad f\u00edsica.\u00a0Sin embargo, tomamos todas las precauciones razonables para asegurarnos de que sus datos est\u00e9n seguros.<\/span><\/div>\n<div>\n<hr size=\"1\" \/>\n<\/div>\n<div><b><span>4. Su elecci\u00f3n: participar o no participar<\/span><\/p>\n<p><\/b><\/div>\n<div><span>Es su elecci\u00f3n si desea recibir correos electr\u00f3nicos con boletines u ofertas especiales nuestras sobre promociones de ventas y nuevas funciones que agregamos a nuestro sitio.\u00a0<\/span><span>De forma predeterminada, los clientes reci\u00e9n registrados est\u00e1n habilitados.\u00a0Durante el registro, para no recibir los correos electr\u00f3nicos, cancele su suscripci\u00f3n.<\/span><\/div>\n<div>\n<hr size=\"1\" \/>\n<\/div>\n<div><b><span>5. Ni\u00f1os<\/span><\/p>\n<p><\/b><\/div>\n<div><span>No vendemos productos o servicios a los ni\u00f1os.\u00a0Si es menor de 18 a\u00f1os, puede utilizar este sitio solo con la participaci\u00f3n de un padre o tutor.<\/span><\/div>\n<div>\n<hr size=\"1\" \/>\n<p><b><span>6. Otros sitios web<\/span><\/b><\/p>\n<\/div>\n<div><span>Se pueden vincular varios sitios web desde este sitio.\u00a0<span class=\"\">Si hace clic en otro\u00a0<\/span><\/span><span><span class=\"\">sitio web\u00a0<\/span><\/span><span><span class=\"\">, su privacidad depende de la pol\u00edtica de ese sitio.\u00a0<\/span>Le recomendamos encarecidamente que consulte su pol\u00edtica de privacidad.\u00a0No todos los sitios garantizan que no compartir\u00e1n su informaci\u00f3n de identificaci\u00f3n personal con otros.\u00a0Tambi\u00e9n puede consultar las pautas de privacidad como las recomendadas por Online Privacy Alliance (www.privacyalliance.org).<\/span><\/div>\n<div>\n<hr size=\"1\" \/>\n<p><b><span>7. Cont\u00e1ctenos<\/span><\/p>\n<p><\/b><\/div>\n<div><span>Si alguna vez necesita ayuda con las caracter\u00edsticas, productos o servicios que se ofrecen en este\u00a0<\/span><span>sitio web\u00a0<\/span><span>, comun\u00edquese con nosotros a trav\u00e9s de &#8220;Cont\u00e1ctenos&#8221; en el Men\u00fa de ayuda en los controles de navegaci\u00f3n del sitio superior, o en la opci\u00f3n &#8220;Navegaci\u00f3n del sitio&#8221; en nuestro sitio m\u00f3vil.\u00a0Estaremos encantados de ayudarle.\u00a0<\/span><\/div>\n<div><\/div>\n<div>\n<hr size=\"1\" \/>\n<p><b><span>8. Derechos reservados<\/span><\/b><\/div>\n<div>\n<span>Nos reservamos el derecho de modificar esta pol\u00edtica en el futuro.<\/span><\/div>\n","protected":false},"excerpt":{"rendered":"<p>Sabemos que le importa c\u00f3mo se utiliza su informaci\u00f3n y agradecemos su confianza en que la utilizaremos con cuidado y sensatez.\u00a0Este aviso describe nuestra pol\u00edtica de privacidad. \u00a0Al visitarnos, acepta la pol\u00edtica de privacidad que se describe a continuaci\u00f3n. 1. \u00bfQu\u00e9 informaci\u00f3n personal recopilamos y guardamos? Informaci\u00f3n que proporciona\u00a0: \u00a0\u00a0recibimos y almacenamos la informaci\u00f3n que&hellip;&nbsp;<a href=\"https:\/\/www.mobiletarget.me\/?page_id=665\" rel=\"bookmark\">Read More &raquo;<\/a><\/p>\n","protected":false},"author":1,"featured_media":0,"parent":0,"menu_order":0,"comment_status":"closed","ping_status":"closed","template":"","meta":[],"_links":{"self":[{"href":"https:\/\/www.mobiletarget.me\/index.php?rest_route=\/wp\/v2\/pages\/665"}],"collection":[{"href":"https:\/\/www.mobiletarget.me\/index.php?rest_route=\/wp\/v2\/pages"}],"about":[{"href":"https:\/\/www.mobiletarget.me\/index.php?rest_route=\/wp\/v2\/types\/page"}],"author":[{"embeddable":true,"href":"https:\/\/www.mobiletarget.me\/index.php?rest_route=\/wp\/v2\/users\/1"}],"replies":[{"embeddable":true,"href":"https:\/\/www.mobiletarget.me\/index.php?rest_route=%2Fwp%2Fv2%2Fcomments&post=665"}],"version-history":[{"count":2,"href":"https:\/\/www.mobiletarget.me\/index.php?rest_route=\/wp\/v2\/pages\/665\/revisions"}],"predecessor-version":[{"id":669,"href":"https:\/\/www.mobiletarget.me\/index.php?rest_route=\/wp\/v2\/pages\/665\/revisions\/669"}],"wp:attachment":[{"href":"https:\/\/www.mobiletarget.me\/index.php?rest_route=%2Fwp%2Fv2%2Fmedia&parent=665"}],"curies":[{"name":"wp","href":"https:\/\/api.w.org\/{rel}","templated":true}]}}