{"id":523,"date":"2021-07-28T12:00:14","date_gmt":"2021-07-28T18:00:14","guid":{"rendered":"http:\/\/www.mobiletarget.me\/?page_id=523"},"modified":"2021-07-29T19:11:38","modified_gmt":"2021-07-30T01:11:38","slug":"musica-comercial-artistas-conocidos","status":"publish","type":"page","link":"https:\/\/www.mobiletarget.me\/?page_id=523","title":{"rendered":"M\u00fasica Comercial &#8220;Artistas Conocidos&#8221;"},"content":{"rendered":"\t\t<div class=\"elementor elementor-523\">\n\t\t\t<div class=\"elementor-inner\">\n\t\t\t\t<div class=\"elementor-section-wrap\">\n\t\t\t\t\t\t\t<section data-id=\"19374e2\" class=\"elementor-element elementor-element-19374e2 elementor-section-boxed elementor-section-height-default elementor-section-height-default elementor-section elementor-top-section\" data-settings=\"{&quot;background_background&quot;:&quot;classic&quot;}\" data-element_type=\"section\">\n\t\t\t\t\t\t<div class=\"elementor-container elementor-column-gap-default\">\n\t\t\t\t<div class=\"elementor-row\">\n\t\t\t\t<div data-id=\"3b9c224\" class=\"elementor-element elementor-element-3b9c224 elementor-column elementor-col-100 elementor-top-column\" data-element_type=\"column\">\n\t\t\t<div class=\"elementor-column-wrap elementor-element-populated\">\n\t\t\t\t\t<div class=\"elementor-widget-wrap\">\n\t\t\t\t<div data-id=\"0e5286f\" class=\"elementor-element elementor-element-0e5286f elementor-widget elementor-widget-image\" data-element_type=\"image.default\">\n\t\t\t\t<div class=\"elementor-widget-container\">\n\t\t\t\t\t<div class=\"elementor-image\">\n\t\t\t\t\t\t\t\t\t\t<img width=\"2200\" height=\"536\" src=\"https:\/\/www.mobiletarget.me\/wp-content\/uploads\/2021\/07\/Copia-de-Libre-y-con-derechos-1.png\" class=\"attachment-full size-full\" alt=\"\" decoding=\"async\" loading=\"lazy\" srcset=\"https:\/\/www.mobiletarget.me\/wp-content\/uploads\/2021\/07\/Copia-de-Libre-y-con-derechos-1.png 2200w, https:\/\/www.mobiletarget.me\/wp-content\/uploads\/2021\/07\/Copia-de-Libre-y-con-derechos-1-300x73.png 300w, https:\/\/www.mobiletarget.me\/wp-content\/uploads\/2021\/07\/Copia-de-Libre-y-con-derechos-1-768x187.png 768w, https:\/\/www.mobiletarget.me\/wp-content\/uploads\/2021\/07\/Copia-de-Libre-y-con-derechos-1-1024x249.png 1024w\" sizes=\"(max-width: 2200px) 100vw, 2200px\" \/>\t\t\t\t\t\t\t\t\t\t\t<\/div>\n\t\t\t\t<\/div>\n\t\t\t\t<\/div>\n\t\t\t\t<div data-id=\"82519f7\" class=\"elementor-element elementor-element-82519f7 elementor-widget elementor-widget-heading\" data-element_type=\"heading.default\">\n\t\t\t\t<div class=\"elementor-widget-container\">\n\t\t\t<h2 class=\"elementor-heading-title elementor-size-large\">M\u00fasica que pone Ritmo a tu Marca!<\/h2>\t\t<\/div>\n\t\t\t\t<\/div>\n\t\t\t\t\t\t<\/div>\n\t\t\t<\/div>\n\t\t<\/div>\n\t\t\t\t\t\t<\/div>\n\t\t\t<\/div>\n\t\t<\/section>\n\t\t\t\t<section data-id=\"b733036\" class=\"elementor-element elementor-element-b733036 elementor-section-boxed elementor-section-height-default elementor-section-height-default elementor-section elementor-top-section\" data-settings=\"{&quot;background_background&quot;:&quot;classic&quot;}\" data-element_type=\"section\">\n\t\t\t\t\t\t\t<div class=\"elementor-background-overlay\"><\/div>\n\t\t\t\t\t\t\t<div class=\"elementor-container elementor-column-gap-default\">\n\t\t\t\t<div class=\"elementor-row\">\n\t\t\t\t<div data-id=\"8b00544\" class=\"elementor-element elementor-element-8b00544 elementor-column elementor-col-66 elementor-top-column\" data-element_type=\"column\">\n\t\t\t<div class=\"elementor-column-wrap elementor-element-populated\">\n\t\t\t\t\t<div class=\"elementor-widget-wrap\">\n\t\t\t\t<div data-id=\"ec47c63\" class=\"elementor-element elementor-element-ec47c63 elementor-widget elementor-widget-text-editor\" data-element_type=\"text-editor.default\">\n\t\t\t\t<div class=\"elementor-widget-container\">\n\t\t\t\t\t<div class=\"elementor-text-editor elementor-clearfix\"><p>El servicio ideal para todos aquellos comercios donde la m\u00fasica juega un papel importante en los clientes objetivos, quienes no solo visitan el comercio por sus productos o servicios, sino tambi\u00e9n por el ambiente que se crea. Esta plataforma esta dise\u00f1ada para restaurantes, bares, discotecas, gimnasios y algunos comercios que buscan dar un toque de moda y actualidad.\u00a0<\/p><p>Una plataforma f\u00e1cil de usar donde encontrar\u00e1s mas de 200 playlist con tus artistas favoritos, listas para ser usadas seg\u00fan el tipo de negocio que tengas.<\/p><p>Sera como tener una radio personalizada para tu marca, pero mucho mejor, ya que nuestros DJ\u00b4s constantemente actualizan el contenido, creando nuevas playlist y agregando canciones a los que ya est\u00e1n creados.<\/p><p>Tambi\u00e9n podemos dise\u00f1ar contenido seg\u00fan la experiencia que quieras transmitir de tu marca o negocio.\u00a0<\/p><p><strong>Debes tomar nota, que al usar este servicio, podr\u00edas incurrir en pagos adicionales de regal\u00edas y derechos de propiedad intelectual por uso de la m\u00fasica en lugares p\u00fablicos.<\/strong><\/p><\/div>\n\t\t\t\t<\/div>\n\t\t\t\t<\/div>\n\t\t\t\t\t\t<\/div>\n\t\t\t<\/div>\n\t\t<\/div>\n\t\t\t\t<div data-id=\"8cb68d0\" class=\"elementor-element elementor-element-8cb68d0 elementor-column elementor-col-33 elementor-top-column\" data-element_type=\"column\">\n\t\t\t<div class=\"elementor-column-wrap elementor-element-populated\">\n\t\t\t\t\t<div class=\"elementor-widget-wrap\">\n\t\t\t\t<div data-id=\"1f1415f\" class=\"elementor-element elementor-element-1f1415f elementor-widget elementor-widget-heading\" data-element_type=\"heading.default\">\n\t\t\t\t<div class=\"elementor-widget-container\">\n\t\t\t<h2 class=\"elementor-heading-title elementor-size-default\">Preguntas frecuentes<\/h2>\t\t<\/div>\n\t\t\t\t<\/div>\n\t\t\t\t<div data-id=\"b2deb92\" class=\"elementor-element elementor-element-b2deb92 animated fadeInUp elementor-invisible elementor-widget elementor-widget-accordion\" data-settings=\"{&quot;_animation&quot;:&quot;fadeInUp&quot;}\" data-element_type=\"accordion.default\">\n\t\t\t\t<div class=\"elementor-widget-container\">\n\t\t\t\t\t<div class=\"elementor-accordion\" role=\"tablist\">\n\t\t\t\t\t\t\t<div class=\"elementor-accordion-item\">\n\t\t\t\t\t<div id=\"elementor-tab-title-1871\" class=\"elementor-tab-title\" tabindex=\"1871\" data-tab=\"1\" role=\"tab\" aria-controls=\"elementor-tab-content-1871\">\n\t\t\t\t\t\t\t\t\t\t\t\t<span class=\"elementor-accordion-icon elementor-accordion-icon-left\" aria-hidden=\"true\">\n\t\t\t\t\t\t\t<i class=\"elementor-accordion-icon-closed fa fa-angle-double-down\"><\/i>\n\t\t\t\t\t\t\t<i class=\"elementor-accordion-icon-opened fa fa-angle-double-up\"><\/i>\n\t\t\t\t\t\t<\/span>\n\t\t\t\t\t\t\t\t\t\t\t\t<a href=\"\">Que son las Regal\u00edas o pagos por derechos de autor<\/a>\n\t\t\t\t\t<\/div>\n\t\t\t\t\t<div id=\"elementor-tab-content-1871\" class=\"elementor-tab-content elementor-clearfix\" data-tab=\"1\" role=\"tabpanel\" aria-labelledby=\"elementor-tab-title-1871\"><p>Cuando alguien crea una obra y la registra, sea literaria, visual o sonora, se crean una serie de derechos sobre ella basados en la defensa de la\u00a0<strong>propiedad intelectual<\/strong>. Durante d\u00e9cadas, los royalties han sido la fuente de ingresos fundamental para los compositores musicales. Existen varios tipos de regal\u00edas como:\u00a0<\/p><ol><li>Autor: el que escribe la letra de la obra<\/li><li>Compositor: el que compone la m\u00fasica o melod\u00eda<\/li><li>Derechos conexos: Tambi\u00e9n llamados derechos afines, son todos aquellos relacionados a los artistas sin ser necesariamente autores. Son\u00a0derechos de los int\u00e9rpretes y ejecutantes musicales<\/li><li>Derechos de Producci\u00f3n y discogr\u00e1ficos: uso de la m\u00fasica en lugares p\u00fablicos<\/li><\/ol><div>Hay otros tipos de derechos, pero estos son los que regularmente se deben pagar por el uso de la m\u00fasica en lugares p\u00fablicos o comercios<\/div><\/div>\n\t\t\t\t<\/div>\n\t\t\t\t\t\t\t<div class=\"elementor-accordion-item\">\n\t\t\t\t\t<div id=\"elementor-tab-title-1872\" class=\"elementor-tab-title\" tabindex=\"1872\" data-tab=\"2\" role=\"tab\" aria-controls=\"elementor-tab-content-1872\">\n\t\t\t\t\t\t\t\t\t\t\t\t<span class=\"elementor-accordion-icon elementor-accordion-icon-left\" aria-hidden=\"true\">\n\t\t\t\t\t\t\t<i class=\"elementor-accordion-icon-closed fa fa-angle-double-down\"><\/i>\n\t\t\t\t\t\t\t<i class=\"elementor-accordion-icon-opened fa fa-angle-double-up\"><\/i>\n\t\t\t\t\t\t<\/span>\n\t\t\t\t\t\t\t\t\t\t\t\t<a href=\"\">En que casos se pagan estas regal\u00edas<\/a>\n\t\t\t\t\t<\/div>\n\t\t\t\t\t<div id=\"elementor-tab-content-1872\" class=\"elementor-tab-content elementor-clearfix\" data-tab=\"2\" role=\"tabpanel\" aria-labelledby=\"elementor-tab-title-1872\"><p>Las regal\u00edas se pagan siempre que la m\u00fasica es utilizada en lugares p\u00fablicos con el fin de entretenimiento y\/o mejorar el ambiente, quitando el silencio inc\u00f3modo, promover alguna marca (activaciones), un concierto, espect\u00e1culos, cine, tv, radio, entre otros.<\/p><p>A nivel mundial y en cada pa\u00eds, existen Sociedades Colectivas que son las encargadas de realizar estos cobros y repartirlos dentro de sus asociados y representados.<\/p><\/div>\n\t\t\t\t<\/div>\n\t\t\t\t\t\t\t<div class=\"elementor-accordion-item\">\n\t\t\t\t\t<div id=\"elementor-tab-title-1873\" class=\"elementor-tab-title\" tabindex=\"1873\" data-tab=\"3\" role=\"tab\" aria-controls=\"elementor-tab-content-1873\">\n\t\t\t\t\t\t\t\t\t\t\t\t<span class=\"elementor-accordion-icon elementor-accordion-icon-left\" aria-hidden=\"true\">\n\t\t\t\t\t\t\t<i class=\"elementor-accordion-icon-closed fa fa-angle-double-down\"><\/i>\n\t\t\t\t\t\t\t<i class=\"elementor-accordion-icon-opened fa fa-angle-double-up\"><\/i>\n\t\t\t\t\t\t<\/span>\n\t\t\t\t\t\t\t\t\t\t\t\t<a href=\"\">Diferencia entre esta plataforma y Deezer o Spotify<\/a>\n\t\t\t\t\t<\/div>\n\t\t\t\t\t<div id=\"elementor-tab-content-1873\" class=\"elementor-tab-content elementor-clearfix\" data-tab=\"3\" role=\"tabpanel\" aria-labelledby=\"elementor-tab-title-1873\"><p>Nuestra plataforma es mas que playlist de m\u00fasica, te ofrecemos toda una soluci\u00f3n, desde la cual podr\u00e1s controlar y estandarizar la m\u00fasica, los horarios e incluso colocar tus propios anuncios si as\u00ed lo quisieras. Todos tus puntos de venta, reproducir\u00e1n lo que tu quieres!\u00a0<\/p><p>Nuestros DJ\u00b4s crean y actualizan los playlits constantemente, segmentando m\u00fasica seg\u00fan el tipo de negocio. La m\u00fasica es cargada con altos est\u00e1ndares de calidad para que el sonido este regulado y todas las pistas suenen al mismo volumen.<\/p><p>Se dan depuraciones de contenido expl\u00edcito en caso no quieras que suene en tu comercio.\u00a0<\/p><p>Control total de la m\u00fasica en tus locales!<\/p><\/div>\n\t\t\t\t<\/div>\n\t\t\t\t\t<\/div>\n\t\t\t\t<\/div>\n\t\t\t\t<\/div>\n\t\t\t\t\t\t<\/div>\n\t\t\t<\/div>\n\t\t<\/div>\n\t\t\t\t\t\t<\/div>\n\t\t\t<\/div>\n\t\t<\/section>\n\t\t\t\t<section data-id=\"86a0577\" class=\"elementor-element elementor-element-86a0577 elementor-section-boxed elementor-section-height-default elementor-section-height-default elementor-section elementor-top-section\" data-settings=\"{&quot;background_background&quot;:&quot;classic&quot;}\" data-element_type=\"section\">\n\t\t\t\t\t\t<div class=\"elementor-container elementor-column-gap-default\">\n\t\t\t\t<div class=\"elementor-row\">\n\t\t\t\t<div data-id=\"5b1fe2f\" class=\"elementor-element elementor-element-5b1fe2f elementor-column elementor-col-100 elementor-top-column\" data-element_type=\"column\">\n\t\t\t<div class=\"elementor-column-wrap elementor-element-populated\">\n\t\t\t\t\t<div class=\"elementor-widget-wrap\">\n\t\t\t\t<div data-id=\"2b6803e\" class=\"elementor-element elementor-element-2b6803e elementor-widget elementor-widget-heading\" data-element_type=\"heading.default\">\n\t\t\t\t<div class=\"elementor-widget-container\">\n\t\t\t<h2 class=\"elementor-heading-title elementor-size-default\">Para mayor informaci\u00f3n y una prueba de nuestro servicio<\/h2>\t\t<\/div>\n\t\t\t\t<\/div>\n\t\t\t\t<div data-id=\"9593962\" class=\"elementor-element elementor-element-9593962 elementor-align-center elementor-widget elementor-widget-button\" data-element_type=\"button.default\">\n\t\t\t\t<div class=\"elementor-widget-container\">\n\t\t\t\t\t<div class=\"elementor-button-wrapper\">\n\t\t\t<a href=\"http:\/\/www.mobiletarget.me\/?page_id=549\" class=\"elementor-button-link elementor-button elementor-size-sm\" role=\"button\">\n\t\t\t\t\t\t<span class=\"elementor-button-content-wrapper\">\n\t\t\t\t\t\t<span class=\"elementor-button-text\">Haz clic aqu\u00ed<\/span>\n\t\t<\/span>\n\t\t\t\t\t<\/a>\n\t\t<\/div>\n\t\t\t\t<\/div>\n\t\t\t\t<\/div>\n\t\t\t\t\t\t<\/div>\n\t\t\t<\/div>\n\t\t<\/div>\n\t\t\t\t\t\t<\/div>\n\t\t\t<\/div>\n\t\t<\/section>\n\t\t\t\t\t\t<\/div>\n\t\t\t<\/div>\n\t\t<\/div>\n\t\t","protected":false},"excerpt":{"rendered":"<p>M\u00fasica que pone Ritmo a tu Marca! El servicio ideal para todos aquellos comercios donde la m\u00fasica juega un papel importante en los clientes objetivos, quienes no solo visitan el comercio por sus productos o servicios, sino tambi\u00e9n por el ambiente que se crea. Esta plataforma esta dise\u00f1ada para restaurantes, bares, discotecas, gimnasios y algunos&hellip;&nbsp;<a href=\"https:\/\/www.mobiletarget.me\/?page_id=523\" rel=\"bookmark\">Read More &raquo;<\/a><\/p>\n","protected":false},"author":1,"featured_media":0,"parent":0,"menu_order":0,"comment_status":"closed","ping_status":"closed","template":"page-templates\/template-pagebuilder-full-width.php","meta":[],"_links":{"self":[{"href":"https:\/\/www.mobiletarget.me\/index.php?rest_route=\/wp\/v2\/pages\/523"}],"collection":[{"href":"https:\/\/www.mobiletarget.me\/index.php?rest_route=\/wp\/v2\/pages"}],"about":[{"href":"https:\/\/www.mobiletarget.me\/index.php?rest_route=\/wp\/v2\/types\/page"}],"author":[{"embeddable":true,"href":"https:\/\/www.mobiletarget.me\/index.php?rest_route=\/wp\/v2\/users\/1"}],"replies":[{"embeddable":true,"href":"https:\/\/www.mobiletarget.me\/index.php?rest_route=%2Fwp%2Fv2%2Fcomments&post=523"}],"version-history":[{"count":25,"href":"https:\/\/www.mobiletarget.me\/index.php?rest_route=\/wp\/v2\/pages\/523\/revisions"}],"predecessor-version":[{"id":656,"href":"https:\/\/www.mobiletarget.me\/index.php?rest_route=\/wp\/v2\/pages\/523\/revisions\/656"}],"wp:attachment":[{"href":"https:\/\/www.mobiletarget.me\/index.php?rest_route=%2Fwp%2Fv2%2Fmedia&parent=523"}],"curies":[{"name":"wp","href":"https:\/\/api.w.org\/{rel}","templated":true}]}}