{"id":503,"date":"2021-07-27T18:28:35","date_gmt":"2021-07-28T00:28:35","guid":{"rendered":"http:\/\/www.mobiletarget.me\/?page_id=503"},"modified":"2023-02-07T18:47:48","modified_gmt":"2023-02-08T00:47:48","slug":"musica-libre-de-derechos","status":"publish","type":"page","link":"https:\/\/www.mobiletarget.me\/?page_id=503","title":{"rendered":"M\u00fasica Libre de Derechos"},"content":{"rendered":"\t\t<div class=\"elementor elementor-503\">\n\t\t\t<div class=\"elementor-inner\">\n\t\t\t\t<div class=\"elementor-section-wrap\">\n\t\t\t\t\t\t\t<section data-id=\"c079290\" class=\"elementor-element elementor-element-c079290 elementor-section-boxed elementor-section-height-default elementor-section-height-default elementor-section elementor-top-section\" data-settings=\"{&quot;background_background&quot;:&quot;classic&quot;}\" data-element_type=\"section\">\n\t\t\t\t\t\t<div class=\"elementor-container elementor-column-gap-default\">\n\t\t\t\t<div class=\"elementor-row\">\n\t\t\t\t<div data-id=\"bcb8210\" class=\"elementor-element elementor-element-bcb8210 elementor-column elementor-col-100 elementor-top-column\" data-element_type=\"column\">\n\t\t\t<div class=\"elementor-column-wrap elementor-element-populated\">\n\t\t\t\t\t<div class=\"elementor-widget-wrap\">\n\t\t\t\t<div data-id=\"bcb9438\" class=\"elementor-element elementor-element-bcb9438 animated fadeInLeft elementor-invisible elementor-widget elementor-widget-image\" data-settings=\"{&quot;_animation&quot;:&quot;fadeInLeft&quot;}\" data-element_type=\"image.default\">\n\t\t\t\t<div class=\"elementor-widget-container\">\n\t\t\t\t\t<div class=\"elementor-image\">\n\t\t\t\t\t\t\t\t\t\t<img width=\"2200\" height=\"536\" src=\"https:\/\/www.mobiletarget.me\/wp-content\/uploads\/2021\/07\/Derechos-inc-2200.png\" class=\"attachment-full size-full\" alt=\"\" decoding=\"async\" loading=\"lazy\" srcset=\"https:\/\/www.mobiletarget.me\/wp-content\/uploads\/2021\/07\/Derechos-inc-2200.png 2200w, https:\/\/www.mobiletarget.me\/wp-content\/uploads\/2021\/07\/Derechos-inc-2200-300x73.png 300w, https:\/\/www.mobiletarget.me\/wp-content\/uploads\/2021\/07\/Derechos-inc-2200-768x187.png 768w, https:\/\/www.mobiletarget.me\/wp-content\/uploads\/2021\/07\/Derechos-inc-2200-1024x249.png 1024w\" sizes=\"(max-width: 2200px) 100vw, 2200px\" \/>\t\t\t\t\t\t\t\t\t\t\t<\/div>\n\t\t\t\t<\/div>\n\t\t\t\t<\/div>\n\t\t\t\t\t\t<\/div>\n\t\t\t<\/div>\n\t\t<\/div>\n\t\t\t\t\t\t<\/div>\n\t\t\t<\/div>\n\t\t<\/section>\n\t\t\t\t<section data-id=\"fe8d79d\" class=\"elementor-element elementor-element-fe8d79d elementor-section-boxed elementor-section-height-default elementor-section-height-default elementor-section elementor-top-section\" data-settings=\"{&quot;background_background&quot;:&quot;classic&quot;}\" data-element_type=\"section\">\n\t\t\t\t\t\t\t<div class=\"elementor-background-overlay\"><\/div>\n\t\t\t\t\t\t\t<div class=\"elementor-container elementor-column-gap-default\">\n\t\t\t\t<div class=\"elementor-row\">\n\t\t\t\t<div data-id=\"c48ad56\" class=\"elementor-element elementor-element-c48ad56 elementor-column elementor-col-100 elementor-top-column\" data-element_type=\"column\">\n\t\t\t<div class=\"elementor-column-wrap elementor-element-populated\">\n\t\t\t\t\t<div class=\"elementor-widget-wrap\">\n\t\t\t\t<div data-id=\"9b6ae33\" class=\"elementor-element elementor-element-9b6ae33 elementor-widget elementor-widget-heading\" data-element_type=\"heading.default\">\n\t\t\t\t<div class=\"elementor-widget-container\">\n\t\t\t<h2 class=\"elementor-heading-title elementor-size-large\">Tambi\u00e9n conocida como: <br>Libre de Regal\u00edas o Royalty Free<\/h2>\t\t<\/div>\n\t\t\t\t<\/div>\n\t\t\t\t\t\t<\/div>\n\t\t\t<\/div>\n\t\t<\/div>\n\t\t\t\t\t\t<\/div>\n\t\t\t<\/div>\n\t\t<\/section>\n\t\t\t\t<section data-id=\"3a3d412\" class=\"elementor-element elementor-element-3a3d412 elementor-section-boxed elementor-section-height-default elementor-section-height-default elementor-section elementor-top-section\" data-settings=\"{&quot;background_background&quot;:&quot;classic&quot;}\" data-element_type=\"section\">\n\t\t\t\t\t\t<div class=\"elementor-container elementor-column-gap-wide\">\n\t\t\t\t<div class=\"elementor-row\">\n\t\t\t\t<div data-id=\"498b2c3\" class=\"elementor-element elementor-element-498b2c3 elementor-column elementor-col-66 elementor-top-column\" data-element_type=\"column\">\n\t\t\t<div class=\"elementor-column-wrap elementor-element-populated\">\n\t\t\t\t\t<div class=\"elementor-widget-wrap\">\n\t\t\t\t<div data-id=\"6da9563\" class=\"elementor-element elementor-element-6da9563 elementor-widget elementor-widget-text-editor\" data-element_type=\"text-editor.default\">\n\t\t\t\t<div class=\"elementor-widget-container\">\n\t\t\t\t\t<div class=\"elementor-text-editor elementor-clearfix\"><p>Este servicio esta enfocado a lugares donde la M\u00fasica no juega un papel principal, es decir, las personas visitan los establecimientos por el tipo de productos, servicios o necesidad que tengan, como por ejemplo: supermercados, tiendas de conveniencia, centros comerciales, cl\u00ednicas medicas, agencias de veh\u00edculos, cafeter\u00edas, edificios, algunos restaurantes, ostrer\u00edas, entre otros negocios, donde el objetivo principal de la m\u00fasica es crear un ambiente agradable para el visitante.<\/p><p>El servicio ofrece m\u00fasica 100% libre de regal\u00edas, es decir, que no incurrir\u00e1s en costos adicionales por colocar m\u00fasica en tus puntos de venta.<\/p><p>Contamos con una selecci\u00f3n de mas de 50,000 artistas independientes, es decir no tiene acuerdos con disqueras, que te ofrecen m\u00fasica de la mas alta calidad y todos los g\u00e9neros musicales como: Rock, Pop, Jazz, Bossa Nova, Chill, entre otros.\u00a0<\/p><p>Cuando contratas nuestro servicio, te ofrecemos un certificado o licencia el cual indica que estas usando nuestra plataforma y m\u00fasica, con lo que estas en ley y cumples con todos los pagos correspondientes. Toma en cuenta que no podr\u00e1s utilizar ning\u00fan otro tipo de m\u00fasica que no se encuentre en nuestra plataforma.<\/p><p>*Es importante verificar las leyes de cada pa\u00eds para saber si este servicio puede aplicarse o no.\u00a0\u00a0<\/p><\/div>\n\t\t\t\t<\/div>\n\t\t\t\t<\/div>\n\t\t\t\t\t\t<\/div>\n\t\t\t<\/div>\n\t\t<\/div>\n\t\t\t\t<div data-id=\"267efa0\" class=\"elementor-element elementor-element-267efa0 elementor-column elementor-col-33 elementor-top-column\" data-element_type=\"column\">\n\t\t\t<div class=\"elementor-column-wrap elementor-element-populated\">\n\t\t\t\t\t<div class=\"elementor-widget-wrap\">\n\t\t\t\t<div data-id=\"29a270c\" class=\"elementor-element elementor-element-29a270c elementor-widget elementor-widget-heading\" data-element_type=\"heading.default\">\n\t\t\t\t<div class=\"elementor-widget-container\">\n\t\t\t<h2 class=\"elementor-heading-title elementor-size-default\">Preguntas frecuentes:<\/h2>\t\t<\/div>\n\t\t\t\t<\/div>\n\t\t\t\t<div data-id=\"92d4e13\" class=\"elementor-element elementor-element-92d4e13 elementor-widget elementor-widget-toggle\" data-element_type=\"toggle.default\">\n\t\t\t\t<div class=\"elementor-widget-container\">\n\t\t\t\t\t<div class=\"elementor-toggle\" role=\"tablist\">\n\t\t\t\t\t\t\t<div class=\"elementor-toggle-item\">\n\t\t\t\t\t<div id=\"elementor-tab-title-1531\" class=\"elementor-tab-title\" data-tab=\"1\" role=\"tab\" aria-controls=\"elementor-tab-content-1531\">\n\t\t\t\t\t\t\t\t\t\t\t\t<span class=\"elementor-toggle-icon elementor-toggle-icon-left\" aria-hidden=\"true\">\n\t\t\t\t\t\t\t<i class=\"elementor-toggle-icon-closed fa fa-angle-double-down\"><\/i>\n\t\t\t\t\t\t\t<i class=\"elementor-toggle-icon-opened fa fa-angle-double-up\"><\/i>\n\t\t\t\t\t\t<\/span>\n\t\t\t\t\t\t\t\t\t\t\t\t<a href=\"\">Esta es m\u00fasica de \"Elevador\"?<\/a>\n\t\t\t\t\t<\/div>\n\t\t\t\t\t<div id=\"elementor-tab-content-1531\" class=\"elementor-tab-content elementor-clearfix\" data-tab=\"1\" role=\"tabpanel\" aria-labelledby=\"elementor-tab-title-1531\"><p>La m\u00fasica de artistas independientes o artistas no conocidos, puede ser tan buena como la m\u00fasica que escuchas en la radio, encontrar\u00e1s m\u00fasica de todos los g\u00e9neros, m\u00fasica alegre, relajada, instrumental, vocal seg\u00fan el g\u00e9nero musical que buscas para tu comercio. La diferencia esta en que la mayor\u00eda de estos artistas no tienen contratos con disqueras reconocidas o con ninguna, pueden no sonar en las radios por lo que es posible que no los conozcas.\u00a0<\/p><p>Estamos seguros que te sorprender\u00e1s al escuchar su m\u00fasica y te garantizamos que tus clientes estar\u00e1n c\u00f3modos en tus puntos de venta. Dentro de nuestro repertorio, tenemos artistas que han sido nominados para premios internacionales como: Grammys, American Music Awards y Bilboard<\/p><\/div>\n\t\t\t\t<\/div>\n\t\t\t\t\t\t\t<div class=\"elementor-toggle-item\">\n\t\t\t\t\t<div id=\"elementor-tab-title-1532\" class=\"elementor-tab-title\" data-tab=\"2\" role=\"tab\" aria-controls=\"elementor-tab-content-1532\">\n\t\t\t\t\t\t\t\t\t\t\t\t<span class=\"elementor-toggle-icon elementor-toggle-icon-left\" aria-hidden=\"true\">\n\t\t\t\t\t\t\t<i class=\"elementor-toggle-icon-closed fa fa-angle-double-down\"><\/i>\n\t\t\t\t\t\t\t<i class=\"elementor-toggle-icon-opened fa fa-angle-double-up\"><\/i>\n\t\t\t\t\t\t<\/span>\n\t\t\t\t\t\t\t\t\t\t\t\t<a href=\"\">Que son las regalias o derechos <\/a>\n\t\t\t\t\t<\/div>\n\t\t\t\t\t<div id=\"elementor-tab-content-1532\" class=\"elementor-tab-content elementor-clearfix\" data-tab=\"2\" role=\"tabpanel\" aria-labelledby=\"elementor-tab-title-1532\"><p>Cuando alguien crea una obra y la registra, sea literaria, visual o sonora, se crean una serie de derechos sobre ella basados en la defensa de la\u00a0<strong>propiedad intelectual<\/strong>. Durante d\u00e9cadas, los royalties han sido la fuente de ingresos fundamental para los compositores musicales. Existen varios tipos de regal\u00edas como:\u00a0<\/p><ol><li>Autor: el que escribe la letra de la obra<\/li><li>Compositor: el que compone la m\u00fasica o melod\u00eda<\/li><li>Derechos conexos: Tambi\u00e9n llamados derechos afines, \u00a0son todos aquellos relacionados a los artistas sin ser necesariamente autores. Son\u00a0derechos de los int\u00e9rpretes y ejecutantes musicales<\/li><li>Derechos de Producci\u00f3n y discogr\u00e1ficos: uso de la m\u00fasica en lugares p\u00fablicos<\/li><\/ol><div>Hay otros tipos de derechos, pero estos son los que regularmente se deben pagar por el uso de la m\u00fasica en lugares p\u00fablicos o comercios<\/div><\/div>\n\t\t\t\t<\/div>\n\t\t\t\t\t\t\t<div class=\"elementor-toggle-item\">\n\t\t\t\t\t<div id=\"elementor-tab-title-1533\" class=\"elementor-tab-title\" data-tab=\"3\" role=\"tab\" aria-controls=\"elementor-tab-content-1533\">\n\t\t\t\t\t\t\t\t\t\t\t\t<span class=\"elementor-toggle-icon elementor-toggle-icon-left\" aria-hidden=\"true\">\n\t\t\t\t\t\t\t<i class=\"elementor-toggle-icon-closed fa fa-angle-double-down\"><\/i>\n\t\t\t\t\t\t\t<i class=\"elementor-toggle-icon-opened fa fa-angle-double-up\"><\/i>\n\t\t\t\t\t\t<\/span>\n\t\t\t\t\t\t\t\t\t\t\t\t<a href=\"\">En que casos se pagan estas regal\u00edas<\/a>\n\t\t\t\t\t<\/div>\n\t\t\t\t\t<div id=\"elementor-tab-content-1533\" class=\"elementor-tab-content elementor-clearfix\" data-tab=\"3\" role=\"tabpanel\" aria-labelledby=\"elementor-tab-title-1533\"><p>Las regal\u00edas se pagan siempre que la m\u00fasica es utilizada lugares p\u00fablicos con el fin de entretenimiento y\/o mejorar el ambiente, quitando el silencio inc\u00f3modo, promover alguna marca (activaciones), un concierto, espect\u00e1culos, cine, tv, radio, entre otros.<\/p><p>A nivel mundial y en cada pa\u00eds, existen Sociedades Colectivas que son las encargadas de realizar estos cobros y repartir estos dentro de sus asociados y representados.\u00a0<\/p><p>Por ley y tratados internacionales, tambien existen las Terceras personas, que NO son sociedades de gesti\u00f3n colectiva, pero que pueden poseer los derechos de las obras para poder comercilizarlas y pagar de forma directa a los artistas y\/o propietarios de los derechos, con lo cual ya no deber\u00edas pagar a nadie mas. Este es nuestro caso, tenemos contratos directos con los artistas y propietarios de los derechos de todo el catalogo musical que tenemos en nuestra plataforma musical y por esto, al pagar nuestro servicios ya se incluyen estos pagos de regalias.\u00a0<\/p><\/div>\n\t\t\t\t<\/div>\n\t\t\t\t\t\t\t<div class=\"elementor-toggle-item\">\n\t\t\t\t\t<div id=\"elementor-tab-title-1534\" class=\"elementor-tab-title\" data-tab=\"4\" role=\"tab\" aria-controls=\"elementor-tab-content-1534\">\n\t\t\t\t\t\t\t\t\t\t\t\t<span class=\"elementor-toggle-icon elementor-toggle-icon-left\" aria-hidden=\"true\">\n\t\t\t\t\t\t\t<i class=\"elementor-toggle-icon-closed fa fa-angle-double-down\"><\/i>\n\t\t\t\t\t\t\t<i class=\"elementor-toggle-icon-opened fa fa-angle-double-up\"><\/i>\n\t\t\t\t\t\t<\/span>\n\t\t\t\t\t\t\t\t\t\t\t\t<a href=\"\">Que pasa si uso Deezer, Spotify u otra plataforma<\/a>\n\t\t\t\t\t<\/div>\n\t\t\t\t\t<div id=\"elementor-tab-content-1534\" class=\"elementor-tab-content elementor-clearfix\" data-tab=\"4\" role=\"tabpanel\" aria-labelledby=\"elementor-tab-title-1534\"><p>Sin importar que versi\u00f3n usas, la premium de pago o la gratuita, estas plataformas NO cubren los derechos de reproducci\u00f3n de la m\u00fasica en lugares p\u00fablicos.<\/p><p>Estas plataformas te permiten utilizarlas a nivel personal, es decir, en tu casa, en el carro, con tus aud\u00edfonos. Por lo que al utilizarlas en tus puntos de venta, conllevan un pago adicional a las diferentes sociedades colectivas.\u00a0<\/p><\/div>\n\t\t\t\t<\/div>\n\t\t\t\t\t<\/div>\n\t\t\t\t<\/div>\n\t\t\t\t<\/div>\n\t\t\t\t\t\t<\/div>\n\t\t\t<\/div>\n\t\t<\/div>\n\t\t\t\t\t\t<\/div>\n\t\t\t<\/div>\n\t\t<\/section>\n\t\t\t\t<section data-id=\"ad257fd\" class=\"elementor-element elementor-element-ad257fd elementor-section-boxed elementor-section-height-default elementor-section-height-default elementor-section elementor-top-section\" data-settings=\"{&quot;background_background&quot;:&quot;classic&quot;}\" data-element_type=\"section\">\n\t\t\t\t\t\t<div class=\"elementor-container elementor-column-gap-default\">\n\t\t\t\t<div class=\"elementor-row\">\n\t\t\t\t<div data-id=\"d4d7df9\" class=\"elementor-element elementor-element-d4d7df9 elementor-column elementor-col-100 elementor-top-column\" data-element_type=\"column\">\n\t\t\t<div class=\"elementor-column-wrap elementor-element-populated\">\n\t\t\t\t\t<div class=\"elementor-widget-wrap\">\n\t\t\t\t<div data-id=\"6277d83\" class=\"elementor-element elementor-element-6277d83 elementor-widget elementor-widget-heading\" data-element_type=\"heading.default\">\n\t\t\t\t<div class=\"elementor-widget-container\">\n\t\t\t<h2 class=\"elementor-heading-title elementor-size-default\">Para mayor informaci\u00f3n y una prueba de nuestro servicio<\/h2>\t\t<\/div>\n\t\t\t\t<\/div>\n\t\t\t\t<div data-id=\"20be355\" class=\"elementor-element elementor-element-20be355 elementor-align-center elementor-widget elementor-widget-button\" data-element_type=\"button.default\">\n\t\t\t\t<div class=\"elementor-widget-container\">\n\t\t\t\t\t<div class=\"elementor-button-wrapper\">\n\t\t\t<a href=\"http:\/\/www.mobiletarget.me\/?page_id=549\" class=\"elementor-button-link elementor-button elementor-size-sm\" role=\"button\">\n\t\t\t\t\t\t<span class=\"elementor-button-content-wrapper\">\n\t\t\t\t\t\t<span class=\"elementor-button-text\">Haz clic aqu\u00ed<\/span>\n\t\t<\/span>\n\t\t\t\t\t<\/a>\n\t\t<\/div>\n\t\t\t\t<\/div>\n\t\t\t\t<\/div>\n\t\t\t\t<div data-id=\"fa1ac52\" class=\"elementor-element elementor-element-fa1ac52 elementor-shape-rounded elementor-widget elementor-widget-social-icons\" data-element_type=\"social-icons.default\">\n\t\t\t\t<div class=\"elementor-widget-container\">\n\t\t\t\t\t<div class=\"elementor-social-icons-wrapper\">\n\t\t\t\t\t\t\t<a class=\"elementor-icon elementor-social-icon elementor-social-icon-facebook\" href=\"https:\/\/www.facebook.com\/Mobile-Target-Music-1760127257622908\" target=\"_blank\">\n\t\t\t\t\t<span class=\"elementor-screen-only\">Facebook<\/span>\n\t\t\t\t\t<i class=\"fa fa-facebook\"><\/i>\n\t\t\t\t<\/a>\n\t\t\t\t\t\t\t<a class=\"elementor-icon elementor-social-icon elementor-social-icon-linkedin\" href=\"https:\/\/www.facebook.com\/Mobile-Target-Music-1760127257622908\" target=\"_blank\">\n\t\t\t\t\t<span class=\"elementor-screen-only\">Linkedin<\/span>\n\t\t\t\t\t<i class=\"fa fa-linkedin\"><\/i>\n\t\t\t\t<\/a>\n\t\t\t\t\t<\/div>\n\t\t\t\t<\/div>\n\t\t\t\t<\/div>\n\t\t\t\t\t\t<\/div>\n\t\t\t<\/div>\n\t\t<\/div>\n\t\t\t\t\t\t<\/div>\n\t\t\t<\/div>\n\t\t<\/section>\n\t\t\t\t\t\t<\/div>\n\t\t\t<\/div>\n\t\t<\/div>\n\t\t","protected":false},"excerpt":{"rendered":"<p>Tambi\u00e9n conocida como: Libre de Regal\u00edas o Royalty Free Este servicio esta enfocado a lugares donde la M\u00fasica no juega un papel principal, es decir, las personas visitan los establecimientos por el tipo de productos, servicios o necesidad que tengan, como por ejemplo: supermercados, tiendas de conveniencia, centros comerciales, cl\u00ednicas medicas, agencias de veh\u00edculos, cafeter\u00edas,&hellip;&nbsp;<a href=\"https:\/\/www.mobiletarget.me\/?page_id=503\" rel=\"bookmark\">Read More &raquo;<\/a><\/p>\n","protected":false},"author":1,"featured_media":0,"parent":0,"menu_order":0,"comment_status":"closed","ping_status":"closed","template":"page-templates\/template-pagebuilder-full-width.php","meta":[],"_links":{"self":[{"href":"https:\/\/www.mobiletarget.me\/index.php?rest_route=\/wp\/v2\/pages\/503"}],"collection":[{"href":"https:\/\/www.mobiletarget.me\/index.php?rest_route=\/wp\/v2\/pages"}],"about":[{"href":"https:\/\/www.mobiletarget.me\/index.php?rest_route=\/wp\/v2\/types\/page"}],"author":[{"embeddable":true,"href":"https:\/\/www.mobiletarget.me\/index.php?rest_route=\/wp\/v2\/users\/1"}],"replies":[{"embeddable":true,"href":"https:\/\/www.mobiletarget.me\/index.php?rest_route=%2Fwp%2Fv2%2Fcomments&post=503"}],"version-history":[{"count":25,"href":"https:\/\/www.mobiletarget.me\/index.php?rest_route=\/wp\/v2\/pages\/503\/revisions"}],"predecessor-version":[{"id":686,"href":"https:\/\/www.mobiletarget.me\/index.php?rest_route=\/wp\/v2\/pages\/503\/revisions\/686"}],"wp:attachment":[{"href":"https:\/\/www.mobiletarget.me\/index.php?rest_route=%2Fwp%2Fv2%2Fmedia&parent=503"}],"curies":[{"name":"wp","href":"https:\/\/api.w.org\/{rel}","templated":true}]}}